{"id":94,"date":"2025-03-18T10:49:14","date_gmt":"2025-03-18T10:49:14","guid":{"rendered":"https:\/\/alinaort.com\/?page_id=94"},"modified":"2025-07-03T12:53:26","modified_gmt":"2025-07-03T12:53:26","slug":"leistungen","status":"publish","type":"page","link":"https:\/\/alinaort.com\/?page_id=94","title":{"rendered":"Leistungen"},"content":{"rendered":"<p>[et_pb_section fb_built=&#8220;1&#8243; admin_label=&#8220;FAQ&#8220; _builder_version=&#8220;4.22.0&#8243; _module_preset=&#8220;default&#8220; locked=&#8220;off&#8220; collapsed=&#8220;on&#8220; global_colors_info=&#8220;{}&#8220;][et_pb_row column_structure=&#8220;1_2,1_2&#8243; _builder_version=&#8220;4.22.0&#8243; _module_preset=&#8220;default&#8220; global_colors_info=&#8220;{}&#8220;][et_pb_column type=&#8220;1_2&#8243; _builder_version=&#8220;4.22.0&#8243; _module_preset=&#8220;default&#8220; global_colors_info=&#8220;{}&#8220;][et_pb_image src=&#8220;https:\/\/alinaort.com\/wp-content\/uploads\/2025\/03\/career-coach-11.jpg&#8220; title_text=&#8220;career-coach-11&#8243; _builder_version=&#8220;4.22.0&#8243; _module_preset=&#8220;default&#8220; border_radii=&#8220;on|10px|10px|10px|10px&#8220; locked=&#8220;off&#8220; global_colors_info=&#8220;{}&#8220;][\/et_pb_image][\/et_pb_column][et_pb_column type=&#8220;1_2&#8243; _builder_version=&#8220;4.22.0&#8243; _module_preset=&#8220;default&#8220; global_colors_info=&#8220;{}&#8220;][et_pb_text _builder_version=&#8220;4.27.4&#8243; _module_preset=&#8220;9ef7b73b-2c45-4ebc-8d98-c6fe3ab2200e&#8220; header_2_font_size=&#8220;40px&#8220; global_colors_info=&#8220;{}&#8220;]<\/p>\n<h2><span>Meine Leistungen<\/span><\/h2>\n<p>[\/et_pb_text][et_pb_text _builder_version=&#8220;4.27.4&#8243; _module_preset=&#8220;5b52acd1-5e56-45fd-a624-3a002ac38a71&#8243; global_colors_info=&#8220;{}&#8220;]<\/p>\n<p>Stell dir vor, du vertraust dir selbst. Du h\u00f6rst auf, dich mit anderen zu vergleichen, und gehst deinen eigenen Weg \u2013 mit Ruhe und Klarheit. Genau das ist m\u00f6glich, und ich begleite dich auf diesem Weg.<\/p>\n<p>Ich biete Coaching fu\u0308r Selbstwertgefu\u0308hl und pers\u00f6nliche Entwicklung an. Mein Ziel ist es, Menschen zu unterstu\u0308tzen, die sich nach innerer Sicherheit und echtem Selbstvertrauen sehnen \u2013 sanft, klar und mit Herz.<\/p>\n<p>In meinem Coaching geht es nicht darum, dich zu \u201eoptimieren\u201c, sondern darum, dich wieder mit deinem wahren Selbst zu verbinden \u2013 jenseits von Selbstkritik und innerem Druck.<\/p>\n<p>Gemeinsam arbeiten wir sanft und l\u00f6sungsorientiert an deinem Selbstwert, deinem inneren Frieden und deiner Klarheit. Wir st\u00e4rken dein Selbstwertgefu\u0308hl, l\u00f6sen alte Blockaden und bauen ein starkes Vertrauen in dich selbst auf.<\/p>\n<p>Im Coaching lernst du, wieder an dich zu glauben und deine Gedanken in eine positive, unterstu\u0308tzende Richtung zu lenken. Denn Selbstwertgefu\u0308hl und der innere Dialog h\u00e4ngen eng zusammen: Wie du mit dir sprichst, beeinflusst, wie du dich fu\u0308hlst und handelst.<\/p>\n<p>In unseren Sitzungen schauen wir, wo deine Selbstzweifel ihre Wurzeln haben und wie du sie nachhaltig transformieren kannst. Selbstwertgefu\u0308hl ist kein \u201eNice-to-have\u201c, sondern die Grundlage fu\u0308r ein erfu\u0308lltes Leben. Das Beste daran ist: Es ist lernbar und du kannst es Schritt fu\u0308r Schritt aufbauen. Ich begleite dich dabei, diesen Weg zu gehen.<\/p>\n<p>Das Coaching ist in deutscher, englischer und russischer Sprache m\u00f6glich.<\/p>\n<p>[\/et_pb_text][\/et_pb_column][\/et_pb_row][\/et_pb_section][et_pb_section fb_built=&#8220;1&#8243; admin_label=&#8220;How It Works&#8220; _builder_version=&#8220;4.22.0&#8243; _module_preset=&#8220;default&#8220; background_color=&#8220;gcid-fc7b31e8-94d8-4560-b647-c33fa43cc805&#8243; width_tablet=&#8220;80%&#8220; width_phone=&#8220;80%&#8220; width_last_edited=&#8220;on|tablet&#8220; custom_margin=&#8220;30px|30px|30px|30px|true|true&#8220; module_alignment_tablet=&#8220;center&#8220; module_alignment_phone=&#8220;center&#8220; module_alignment_last_edited=&#8220;on|desktop&#8220; border_radii=&#8220;on|10px|10px|10px|10px&#8220; locked=&#8220;off&#8220; collapsed=&#8220;on&#8220; global_colors_info=&#8220;{%22gcid-fc7b31e8-94d8-4560-b647-c33fa43cc805%22:%91%22background_color%22%93}&#8220;][et_pb_row column_structure=&#8220;1_2,1_2&#8243; _builder_version=&#8220;4.22.0&#8243; _module_preset=&#8220;default&#8220; locked=&#8220;off&#8220; global_colors_info=&#8220;{}&#8220;][et_pb_column type=&#8220;1_2&#8243; _builder_version=&#8220;4.22.0&#8243; _module_preset=&#8220;default&#8220; global_colors_info=&#8220;{}&#8220;][et_pb_text _builder_version=&#8220;4.27.4&#8243; _module_preset=&#8220;9ef7b73b-2c45-4ebc-8d98-c6fe3ab2200e&#8220; header_2_font_size=&#8220;40px&#8220; locked=&#8220;off&#8220; global_colors_info=&#8220;{}&#8220;]<\/p>\n<h2>Dieses Coaching ist fu\u0308r dich, wenn du:<\/h2>\n<p>[\/et_pb_text][et_pb_text _builder_version=&#8220;4.27.4&#8243; _module_preset=&#8220;5b52acd1-5e56-45fd-a624-3a002ac38a71&#8243; locked=&#8220;off&#8220; global_colors_info=&#8220;{}&#8220;]<\/p>\n<p>\u2705 Oft an dir selbst zweifelst<\/p>\n<p>\u2705 Dich nach innerer Ruhe und St\u00e4rke sehnst<\/p>\n<p>\u2705 Dein Selbstwertgefu\u0308hl auf gesunde Weise aufbauen m\u00f6chtest<\/p>\n<p>[\/et_pb_text][et_pb_image src=&#8220;https:\/\/alinaort.com\/wp-content\/uploads\/2025\/03\/alina-ort1.jpg&#8220; title_text=&#8220;alina-ort1&#8243; _builder_version=&#8220;4.27.4&#8243; _module_preset=&#8220;default&#8220; border_radii=&#8220;on|10px|10px|10px|10px&#8220; locked=&#8220;off&#8220; global_colors_info=&#8220;{}&#8220;][\/et_pb_image][\/et_pb_column][et_pb_column type=&#8220;1_2&#8243; _builder_version=&#8220;4.22.0&#8243; _module_preset=&#8220;default&#8220; global_colors_info=&#8220;{}&#8220;][et_pb_text _builder_version=&#8220;4.27.4&#8243; _module_preset=&#8220;a7ffc8b0-2226-4a5a-8e8e-85c17749b4f8&#8243; custom_margin=&#8220;||0px||false|false&#8220; global_colors_info=&#8220;{}&#8220;]<\/p>\n<h5><strong data-start=\"669\" data-end=\"699\">Was dich bei mir erwartet:<\/strong><\/h5>\n<p>[\/et_pb_text][et_pb_text _builder_version=&#8220;4.27.4&#8243; _module_preset=&#8220;5b52acd1-5e56-45fd-a624-3a002ac38a71&#8243; global_colors_info=&#8220;{}&#8220;]<\/p>\n<p data-start=\"667\" data-end=\"926\">\u2705 Einfu\u0308hlsame, individuelle Begleitung \u2013 Ich gehe auf deine pers\u00f6nlichen Bedu\u0308rfnisse und Ziele ein.<\/p>\n<p data-start=\"667\" data-end=\"926\">\u2705 Praktische Impulse \u2013 Die du direkt in deinem Alltag anwenden kannst, um deinen Fokus und deine St\u00e4rke zu f\u00f6rdern.<\/p>\n<p data-start=\"667\" data-end=\"926\">\u2705 Coaching, das nicht bewertet, sondern bewegt \u2013 Wir arbeiten l\u00f6sungsorientiert und mit positiven Ans\u00e4tzen, um dich zu st\u00e4rken.<\/p>\n<p data-start=\"667\" data-end=\"926\">\u2705 Eine Verbindung auf Augenh\u00f6he \u2013 Ein respektvoller und menschlicher Austausch, der Vertrauen und Offenheit schafft.<\/p>\n<p>[\/et_pb_text][et_pb_text _builder_version=&#8220;4.27.4&#8243; _module_preset=&#8220;a7ffc8b0-2226-4a5a-8e8e-85c17749b4f8&#8243; custom_margin=&#8220;||0px||false|false&#8220; global_colors_info=&#8220;{}&#8220;]<\/p>\n<h5>In unseren Sitzungen arbeiten wir daran, dass du:<\/h5>\n<p>[\/et_pb_text][et_pb_text _builder_version=&#8220;4.27.4&#8243; _module_preset=&#8220;5b52acd1-5e56-45fd-a624-3a002ac38a71&#8243; global_colors_info=&#8220;{}&#8220;]<\/p>\n<p data-start=\"667\" data-end=\"926\">\u2705 Dich selbst besser verstehst und annimmst<\/p>\n<p data-start=\"667\" data-end=\"926\">\u2705\u00a0 Hinderliche Glaubenss\u00e4tze erkennst und transformierst<\/p>\n<p data-start=\"667\" data-end=\"926\">\u2705\u00a0 Deine Gedanken bewusst st\u00e4rkend ausrichtest<\/p>\n<p data-start=\"667\" data-end=\"926\">\u2705\u00a0 Innere Ruhe und neue Zuversicht gewinnst<\/p>\n<p>[\/et_pb_text][et_pb_text _builder_version=&#8220;4.27.4&#8243; _module_preset=&#8220;a7ffc8b0-2226-4a5a-8e8e-85c17749b4f8&#8243; custom_margin=&#8220;||0px||false|false&#8220; global_colors_info=&#8220;{}&#8220;]<\/p>\n<h5>Was du mitnehmen kannst:<\/h5>\n<p>[\/et_pb_text][et_pb_text _builder_version=&#8220;4.27.4&#8243; _module_preset=&#8220;5b52acd1-5e56-45fd-a624-3a002ac38a71&#8243; global_colors_info=&#8220;{}&#8220;]<\/p>\n<p data-start=\"667\" data-end=\"926\">\u2705 Mehr Selbstvertrauen und innere Ruhe<\/p>\n<p data-start=\"667\" data-end=\"926\">\u2705\u00a0 Einen liebevolleren Umgang mit dir selbst<\/p>\n<p data-start=\"667\" data-end=\"926\">\u2705\u00a0 Klarheit u\u0308ber deine Gedanken und Gefu\u0308hle 3<\/p>\n<p data-start=\"667\" data-end=\"926\">\u2705\u00a0 Neue Perspektiven fu\u0308r dein Leben<\/p>\n<p>[\/et_pb_text][et_pb_text _builder_version=&#8220;4.27.4&#8243; _module_preset=&#8220;a7ffc8b0-2226-4a5a-8e8e-85c17749b4f8&#8243; custom_margin=&#8220;||0px||false|false&#8220; global_colors_info=&#8220;{}&#8220;]<\/p>\n<p class=\"p1\"><b>Du darfst an dich glauben. Du darfst dir selbst vertrauen. <\/b><\/p>\n<p>[\/et_pb_text][\/et_pb_column][\/et_pb_row][\/et_pb_section][et_pb_section fb_built=&#8220;1&#8243; admin_label=&#8220;FAQ&#8220; _builder_version=&#8220;4.22.0&#8243; _module_preset=&#8220;default&#8220; locked=&#8220;off&#8220; collapsed=&#8220;on&#8220; global_colors_info=&#8220;{}&#8220;][et_pb_row column_structure=&#8220;1_2,1_2&#8243; _builder_version=&#8220;4.22.0&#8243; _module_preset=&#8220;default&#8220; global_colors_info=&#8220;{}&#8220;][et_pb_column type=&#8220;1_2&#8243; _builder_version=&#8220;4.22.0&#8243; _module_preset=&#8220;default&#8220; global_colors_info=&#8220;{}&#8220;][et_pb_image src=&#8220;https:\/\/alinaort.com\/wp-content\/uploads\/2025\/06\/ao-einzelcoaching.jpg&#8220; title_text=&#8220;ao-einzelcoaching&#8220; _builder_version=&#8220;4.27.4&#8243; _module_preset=&#8220;default&#8220; border_radii=&#8220;on|10px|10px|10px|10px&#8220; locked=&#8220;off&#8220; global_colors_info=&#8220;{}&#8220;][\/et_pb_image][et_pb_image src=&#8220;https:\/\/alinaort.com\/wp-content\/uploads\/2025\/06\/ao-gruppencoaching.jpg&#8220; title_text=&#8220;ao-gruppencoaching&#8220; _builder_version=&#8220;4.27.4&#8243; _module_preset=&#8220;default&#8220; border_radii=&#8220;on|10px|10px|10px|10px&#8220; locked=&#8220;off&#8220; global_colors_info=&#8220;{}&#8220;][\/et_pb_image][\/et_pb_column][et_pb_column type=&#8220;1_2&#8243; _builder_version=&#8220;4.22.0&#8243; _module_preset=&#8220;default&#8220; global_colors_info=&#8220;{}&#8220;][et_pb_text _builder_version=&#8220;4.27.4&#8243; _module_preset=&#8220;9ef7b73b-2c45-4ebc-8d98-c6fe3ab2200e&#8220; header_2_font_size=&#8220;40px&#8220; global_colors_info=&#8220;{}&#8220;]<\/p>\n<h2><span>Art des Coachings<\/span><\/h2>\n<p>[\/et_pb_text][et_pb_text _builder_version=&#8220;4.27.4&#8243; _module_preset=&#8220;5b52acd1-5e56-45fd-a624-3a002ac38a71&#8243; global_colors_info=&#8220;{}&#8220;]<\/p>\n<p><strong>Einzel-Coaching: <\/strong><br \/>Fu\u0308r eine individuelle, ma\u00dfgeschneiderte Begleitung, die ganz auf deine pers\u00f6nlichen Ziele und Themen ausgerichtet ist. Hier gehen wir in die Tiefe, um L\u00f6sungen und Perspektiven zu finden, die dich wirklich weiterbringen.<\/p>\n<p><strong>Gruppen-Coaching:<\/strong><br \/>In einer unterstu\u0308tzenden Gruppe entwickelst du gemeinsam mit anderen neue Perspektiven. Der Austausch und das gegenseitige St\u00e4rken helfen dir, dein Potenzial noch klarer zu erkennen und neue Impulse fu\u0308r deine Entwicklung zu erhalten.<\/p>\n<p><strong>Online-Kurse:<\/strong><br \/>Flexibel und unabh\u00e4ngig \u2013 diese Kurse bieten dir eine tiefere Auseinandersetzung mit deinem Selbstwert und erm\u00f6glichen es dir, in deinem eigenen Tempo zu wachsen und zu lernen.<\/p>\n<p><strong>Workshops:<\/strong><br \/>In meinen Workshops tauchen wir gemeinsam in ein bestimmtes Thema ein, entdecken neue Sichtweisen und entwickeln konkrete L\u00f6sungen fu\u0308r deinen Alltag. Perfekt, wenn du neue Tools und Techniken direkt anwenden m\u00f6chtest.<\/p>\n<p><strong>Starte jetzt deine Reise zur positiven Ver\u00e4nderung! <\/strong><\/p>\n<p>Buche dein unverbindliches Erstgespr\u00e4ch und erfahre, wie ich dich auf deinem Weg zur positiven Ver\u00e4nderung begleiten kann. Gemeinsam finden wir heraus, welche Coaching-Option am besten zu dir passt!<\/p>\n<p>[\/et_pb_text][\/et_pb_column][\/et_pb_row][\/et_pb_section][et_pb_section fb_built=&#8220;1&#8243; admin_label=&#8220;Footer&#8220; _builder_version=&#8220;4.22.0&#8243; _module_preset=&#8220;default&#8220; background_color=&#8220;#000000&#8243; saved_tabs=&#8220;all&#8220; collapsed=&#8220;on&#8220; global_colors_info=&#8220;{}&#8220; theme_builder_area=&#8220;post_content&#8220;][et_pb_row column_structure=&#8220;1_3,1_3,1_3&#8243; _builder_version=&#8220;4.22.0&#8243; _module_preset=&#8220;default&#8220; global_colors_info=&#8220;{}&#8220; theme_builder_area=&#8220;post_content&#8220;][et_pb_column type=&#8220;1_3&#8243; _builder_version=&#8220;4.22.0&#8243; _module_preset=&#8220;default&#8220; global_colors_info=&#8220;{}&#8220; theme_builder_area=&#8220;post_content&#8220;][et_pb_text _builder_version=&#8220;4.22.0&#8243; _module_preset=&#8220;685b0355-65c8-4aac-a578-7a4e9daa5295&#8243; header_6_text_color=&#8220;gcid-bddc0b07-204a-471f-a9e9-ce834b37b79c&#8220; custom_margin=&#8220;||0px||false|false&#8220; global_colors_info=&#8220;{%22gcid-bddc0b07-204a-471f-a9e9-ce834b37b79c%22:%91%22header_6_text_color%22%93}&#8220; theme_builder_area=&#8220;post_content&#8220;]<\/p>\n<h6>Email<\/h6>\n<p>[\/et_pb_text][et_pb_text _builder_version=&#8220;4.27.4&#8243; _module_preset=&#8220;22b075ee-65d8-475d-9ff7-7892be2b55d4&#8243; link_text_color=&#8220;gcid-a13652f3-2793-4cb6-9d99-526eb1549d6a&#8220; header_5_text_color=&#8220;#FFFFFF&#8220; global_colors_info=&#8220;{%22gcid-a13652f3-2793-4cb6-9d99-526eb1549d6a%22:%91%22link_text_color%22%93}&#8220; theme_builder_area=&#8220;post_content&#8220;]<\/p>\n<h5>mail@alinaort.com<\/h5>\n<p>[\/et_pb_text][\/et_pb_column][et_pb_column type=&#8220;1_3&#8243; _builder_version=&#8220;4.22.0&#8243; _module_preset=&#8220;default&#8220; global_colors_info=&#8220;{}&#8220; theme_builder_area=&#8220;post_content&#8220;][et_pb_text _builder_version=&#8220;4.27.4&#8243; _module_preset=&#8220;685b0355-65c8-4aac-a578-7a4e9daa5295&#8243; header_6_text_color=&#8220;gcid-bddc0b07-204a-471f-a9e9-ce834b37b79c&#8220; custom_margin=&#8220;||0px||false|false&#8220; locked=&#8220;off&#8220; global_colors_info=&#8220;{%22gcid-bddc0b07-204a-471f-a9e9-ce834b37b79c%22:%91%22header_6_text_color%22%93}&#8220; theme_builder_area=&#8220;post_content&#8220;]<\/p>\n<h6>Social Media<\/h6>\n<p>[\/et_pb_text][et_pb_text _builder_version=&#8220;4.27.4&#8243; _dynamic_attributes=&#8220;link_option_url&#8220; _module_preset=&#8220;22b075ee-65d8-475d-9ff7-7892be2b55d4&#8243; link_text_color=&#8220;#FFFFFF&#8220; header_5_text_color=&#8220;#FFFFFF&#8220; custom_margin=&#8220;||0px||false|false&#8220; link_option_url=&#8220;@ET-DC@eyJkeW5hbWljIjp0cnVlLCJjb250ZW50IjoicG9zdF9saW5rX3VybF9wYWdlIiwic2V0dGluZ3MiOnsicG9zdF9pZCI6IjY4In19@&#8220; locked=&#8220;off&#8220; global_colors_info=&#8220;{}&#8220; link_text_color__hover=&#8220;#FCB02F&#8220; link_text_color__hover_enabled=&#8220;on|hover&#8220; theme_builder_area=&#8220;post_content&#8220;]<\/p>\n<h5><a href=\"https:\/\/www.instagram.com\/tune_in_positive\/\">Instagram<\/a><\/h5>\n<p>[\/et_pb_text][et_pb_text _builder_version=&#8220;4.27.4&#8243; _dynamic_attributes=&#8220;link_option_url&#8220; _module_preset=&#8220;22b075ee-65d8-475d-9ff7-7892be2b55d4&#8243; link_text_color=&#8220;#FFFFFF&#8220; header_5_text_color=&#8220;#FFFFFF&#8220; custom_margin=&#8220;||0px||false|false&#8220; link_option_url=&#8220;@ET-DC@eyJkeW5hbWljIjp0cnVlLCJjb250ZW50IjoicG9zdF9saW5rX3VybF9wYWdlIiwic2V0dGluZ3MiOnsicG9zdF9pZCI6IjY4In19@&#8220; locked=&#8220;off&#8220; global_colors_info=&#8220;{}&#8220; link_text_color__hover=&#8220;#FCB02F&#8220; link_text_color__hover_enabled=&#8220;on|hover&#8220; theme_builder_area=&#8220;post_content&#8220;]<\/p>\n<h5><a href=\"https:\/\/www.tiktok.com\/@tuneinpositive\">TikTok<\/a><\/h5>\n<p>[\/et_pb_text][et_pb_text _builder_version=&#8220;4.27.4&#8243; _dynamic_attributes=&#8220;link_option_url&#8220; _module_preset=&#8220;22b075ee-65d8-475d-9ff7-7892be2b55d4&#8243; link_text_color=&#8220;#FFFFFF&#8220; header_5_text_color=&#8220;#FFFFFF&#8220; custom_margin=&#8220;||0px||false|false&#8220; link_option_url=&#8220;@ET-DC@eyJkeW5hbWljIjp0cnVlLCJjb250ZW50IjoicG9zdF9saW5rX3VybF9wYWdlIiwic2V0dGluZ3MiOnsicG9zdF9pZCI6IjY4In19@&#8220; locked=&#8220;off&#8220; global_colors_info=&#8220;{}&#8220; link_text_color__hover=&#8220;#FCB02F&#8220; link_text_color__hover_enabled=&#8220;on|hover&#8220; theme_builder_area=&#8220;post_content&#8220;]<\/p>\n<h5><a href=\"https:\/\/www.facebook.com\/tune.in.possitive\/\">Facebook<\/a><\/h5>\n<p>[\/et_pb_text][\/et_pb_column][et_pb_column type=&#8220;1_3&#8243; _builder_version=&#8220;4.22.0&#8243; _module_preset=&#8220;default&#8220; global_colors_info=&#8220;{}&#8220; theme_builder_area=&#8220;post_content&#8220;][et_pb_text _builder_version=&#8220;4.27.4&#8243; _module_preset=&#8220;685b0355-65c8-4aac-a578-7a4e9daa5295&#8243; header_6_text_color=&#8220;gcid-bddc0b07-204a-471f-a9e9-ce834b37b79c&#8220; custom_margin=&#8220;||0px||false|false&#8220; locked=&#8220;off&#8220; global_colors_info=&#8220;{%22gcid-bddc0b07-204a-471f-a9e9-ce834b37b79c%22:%91%22header_6_text_color%22%93}&#8220; theme_builder_area=&#8220;post_content&#8220;]<\/p>\n<h6>Rechtliches<\/h6>\n<p>[\/et_pb_text][et_pb_text _builder_version=&#8220;4.27.4&#8243; _dynamic_attributes=&#8220;link_option_url&#8220; _module_preset=&#8220;22b075ee-65d8-475d-9ff7-7892be2b55d4&#8243; link_text_color=&#8220;#FFFFFF&#8220; header_5_text_color=&#8220;#FFFFFF&#8220; custom_margin=&#8220;||0px||false|false&#8220; link_option_url=&#8220;@ET-DC@eyJkeW5hbWljIjp0cnVlLCJjb250ZW50IjoicG9zdF9saW5rX3VybF9wYWdlIiwic2V0dGluZ3MiOnsicG9zdF9pZCI6IjY4In19@&#8220; locked=&#8220;off&#8220; global_colors_info=&#8220;{}&#8220; link_text_color__hover=&#8220;#FCB02F&#8220; link_text_color__hover_enabled=&#8220;on|hover&#8220; theme_builder_area=&#8220;post_content&#8220;]<\/p>\n<h5>Impressum<\/h5>\n<p>[\/et_pb_text][et_pb_text _builder_version=&#8220;4.27.4&#8243; _dynamic_attributes=&#8220;link_option_url&#8220; _module_preset=&#8220;22b075ee-65d8-475d-9ff7-7892be2b55d4&#8243; link_text_color=&#8220;#FFFFFF&#8220; header_5_text_color=&#8220;#FFFFFF&#8220; custom_margin=&#8220;||0px||false|false&#8220; link_option_url=&#8220;@ET-DC@eyJkeW5hbWljIjp0cnVlLCJjb250ZW50IjoicG9zdF9saW5rX3VybF9wYWdlIiwic2V0dGluZ3MiOnsicG9zdF9pZCI6IjcwIn19@&#8220; locked=&#8220;off&#8220; global_colors_info=&#8220;{}&#8220; link_text_color__hover=&#8220;#FCB02F&#8220; link_text_color__hover_enabled=&#8220;on|hover&#8220; theme_builder_area=&#8220;post_content&#8220;]<\/p>\n<h5>Datenschutz<\/h5>\n<p>[\/et_pb_text][et_pb_text _builder_version=&#8220;4.27.4&#8243; _dynamic_attributes=&#8220;link_option_url&#8220; _module_preset=&#8220;22b075ee-65d8-475d-9ff7-7892be2b55d4&#8243; link_text_color=&#8220;#FFFFFF&#8220; header_5_text_color=&#8220;#FFFFFF&#8220; custom_margin=&#8220;||0px||false|false&#8220; link_option_url=&#8220;@ET-DC@eyJkeW5hbWljIjp0cnVlLCJjb250ZW50IjoicG9zdF9saW5rX3VybF9wYWdlIiwic2V0dGluZ3MiOnsicG9zdF9pZCI6Ijc0In19@&#8220; locked=&#8220;off&#8220; global_colors_info=&#8220;{}&#8220; link_text_color__hover=&#8220;#FCB02F&#8220; link_text_color__hover_enabled=&#8220;on|hover&#8220; theme_builder_area=&#8220;post_content&#8220;]<\/p>\n<h5>Kontakt<\/h5>\n<p>[\/et_pb_text][et_pb_text _builder_version=&#8220;4.27.4&#8243; _dynamic_attributes=&#8220;link_option_url&#8220; _module_preset=&#8220;22b075ee-65d8-475d-9ff7-7892be2b55d4&#8243; link_text_color=&#8220;#FFFFFF&#8220; header_5_text_color=&#8220;#FFFFFF&#8220; custom_margin=&#8220;||0px||false|false&#8220; link_option_url=&#8220;@ET-DC@eyJkeW5hbWljIjp0cnVlLCJjb250ZW50IjoicG9zdF9saW5rX3VybF9wYWdlIiwic2V0dGluZ3MiOnsicG9zdF9pZCI6IjI2NSJ9fQ==@&#8220; locked=&#8220;off&#8220; global_colors_info=&#8220;{}&#8220; link_text_color__hover=&#8220;#FCB02F&#8220; link_text_color__hover_enabled=&#8220;on|hover&#8220; theme_builder_area=&#8220;post_content&#8220;]<\/p>\n<h5>AGB&#8217;s<\/h5>\n<p>[\/et_pb_text][et_pb_text _builder_version=&#8220;4.27.4&#8243; _dynamic_attributes=&#8220;link_option_url&#8220; _module_preset=&#8220;22b075ee-65d8-475d-9ff7-7892be2b55d4&#8243; link_text_color=&#8220;#FFFFFF&#8220; header_5_text_color=&#8220;#FFFFFF&#8220; custom_margin=&#8220;||0px||false|false&#8220; link_option_url=&#8220;@ET-DC@eyJkeW5hbWljIjp0cnVlLCJjb250ZW50IjoicG9zdF9saW5rX3VybF9wYWdlIiwic2V0dGluZ3MiOnsicG9zdF9pZCI6IjI2OSJ9fQ==@&#8220; locked=&#8220;off&#8220; global_colors_info=&#8220;{}&#8220; link_text_color__hover=&#8220;#FCB02F&#8220; link_text_color__hover_enabled=&#8220;on|hover&#8220; theme_builder_area=&#8220;post_content&#8220;]<\/p>\n<h5>Widerrufsbelehrung<\/h5>\n<p>[\/et_pb_text][\/et_pb_column][\/et_pb_row][et_pb_row _builder_version=&#8220;4.22.0&#8243; _module_preset=&#8220;default&#8220; global_colors_info=&#8220;{}&#8220; theme_builder_area=&#8220;post_content&#8220;][et_pb_column type=&#8220;4_4&#8243; _builder_version=&#8220;4.22.0&#8243; _module_preset=&#8220;default&#8220; global_colors_info=&#8220;{}&#8220; theme_builder_area=&#8220;post_content&#8220;][et_pb_text _builder_version=&#8220;4.27.4&#8243; _dynamic_attributes=&#8220;content&#8220; _module_preset=&#8220;b1699933-7271-4d75-b31f-0b7d446153cb&#8220; text_orientation=&#8220;center&#8220; global_colors_info=&#8220;{}&#8220; theme_builder_area=&#8220;post_content&#8220;]@ET-DC@eyJkeW5hbWljIjp0cnVlLCJjb250ZW50IjoiY3VycmVudF9kYXRlIiwic2V0dGluZ3MiOnsiYmVmb3JlIjoiQ29weXJpZ2h0ICZjb3B5OyAiLCJhZnRlciI6IiBBbGluYSBPcnQiLCJkYXRlX2Zvcm1hdCI6ImN1c3RvbSIsImN1c3RvbV9kYXRlX2Zvcm1hdCI6IlkifX0=@[\/et_pb_text][\/et_pb_column][\/et_pb_row][\/et_pb_section]<\/p>\n","protected":false},"excerpt":{"rendered":"<p>Meine LeistungenStell dir vor, du vertraust dir selbst. Du h\u00f6rst auf, dich mit anderen zu vergleichen, und gehst deinen eigenen Weg \u2013 mit Ruhe und Klarheit. Genau das ist m\u00f6glich, und ich begleite dich auf diesem Weg. Ich biete Coaching fu\u0308r Selbstwertgefu\u0308hl und pers\u00f6nliche Entwicklung an. Mein Ziel ist es, Menschen zu unterstu\u0308tzen, die sich [&hellip;]<\/p>\n","protected":false},"author":1,"featured_media":0,"parent":0,"menu_order":0,"comment_status":"closed","ping_status":"closed","template":"","meta":{"_et_pb_use_builder":"on","_et_pb_old_content":"","_et_gb_content_width":"","footnotes":""},"class_list":["post-94","page","type-page","status-publish","hentry"],"_links":{"self":[{"href":"https:\/\/alinaort.com\/index.php?rest_route=\/wp\/v2\/pages\/94","targetHints":{"allow":["GET"]}}],"collection":[{"href":"https:\/\/alinaort.com\/index.php?rest_route=\/wp\/v2\/pages"}],"about":[{"href":"https:\/\/alinaort.com\/index.php?rest_route=\/wp\/v2\/types\/page"}],"author":[{"embeddable":true,"href":"https:\/\/alinaort.com\/index.php?rest_route=\/wp\/v2\/users\/1"}],"replies":[{"embeddable":true,"href":"https:\/\/alinaort.com\/index.php?rest_route=%2Fwp%2Fv2%2Fcomments&post=94"}],"version-history":[{"count":14,"href":"https:\/\/alinaort.com\/index.php?rest_route=\/wp\/v2\/pages\/94\/revisions"}],"predecessor-version":[{"id":353,"href":"https:\/\/alinaort.com\/index.php?rest_route=\/wp\/v2\/pages\/94\/revisions\/353"}],"wp:attachment":[{"href":"https:\/\/alinaort.com\/index.php?rest_route=%2Fwp%2Fv2%2Fmedia&parent=94"}],"curies":[{"name":"wp","href":"https:\/\/api.w.org\/{rel}","templated":true}]}}