{"id":86,"date":"2025-03-18T10:05:23","date_gmt":"2025-03-18T10:05:23","guid":{"rendered":"https:\/\/alinaort.com\/?page_id=86"},"modified":"2025-07-03T12:54:45","modified_gmt":"2025-07-03T12:54:45","slug":"ueber-mich","status":"publish","type":"page","link":"https:\/\/alinaort.com\/?page_id=86","title":{"rendered":"\u00dcber mich"},"content":{"rendered":"<p>[et_pb_section fb_built=&#8220;1&#8243; admin_label=&#8220;Header&#8220; _builder_version=&#8220;4.22.0&#8243; _module_preset=&#8220;default&#8220; background_color=&#8220;gcid-a13652f3-2793-4cb6-9d99-526eb1549d6a&#8220; width_tablet=&#8220;80%&#8220; width_phone=&#8220;80%&#8220; width_last_edited=&#8220;on|tablet&#8220; custom_margin=&#8220;30px|30px|30px|30px|true|true&#8220; custom_padding=&#8220;15px||25px|||&#8220; module_alignment_tablet=&#8220;center&#8220; module_alignment_phone=&#8220;center&#8220; module_alignment_last_edited=&#8220;on|desktop&#8220; border_radii=&#8220;on|10px|10px|10px|10px&#8220; locked=&#8220;off&#8220; collapsed=&#8220;on&#8220; global_colors_info=&#8220;{%22gcid-a13652f3-2793-4cb6-9d99-526eb1549d6a%22:%91%22background_color%22%93}&#8220;][et_pb_row _builder_version=&#8220;4.27.4&#8243; _module_preset=&#8220;default&#8220; custom_margin=&#8220;|auto||auto|false|false&#8220; custom_padding=&#8220;||15px|||&#8220; global_colors_info=&#8220;{}&#8220;][et_pb_column type=&#8220;4_4&#8243; _builder_version=&#8220;4.27.4&#8243; _module_preset=&#8220;default&#8220; global_colors_info=&#8220;{}&#8220;][et_pb_text _builder_version=&#8220;4.27.4&#8243; _module_preset=&#8220;4f81918d-746a-4bf5-ab64-c503a34bf48c&#8220; header_text_color=&#8220;#FFFFFF&#8220; header_font_size=&#8220;40px&#8220; custom_margin=&#8220;||0px||false|false&#8220; global_colors_info=&#8220;{}&#8220;]<\/p>\n<h1>Hello!<\/h1>\n<p>[\/et_pb_text][et_pb_text _builder_version=&#8220;4.27.4&#8243; _module_preset=&#8220;4f81918d-746a-4bf5-ab64-c503a34bf48c&#8220; header_font_size=&#8220;40px&#8220; custom_margin=&#8220;||10px||false|false&#8220; global_colors_info=&#8220;{}&#8220;]<\/p>\n<h1>Ich bin Alina Ort<\/h1>\n<p>[\/et_pb_text][et_pb_text _builder_version=&#8220;4.27.4&#8243; _module_preset=&#8220;576f01ba-06df-4224-950f-4bf1abbccb07&#8243; global_colors_info=&#8220;{}&#8220;]<\/p>\n<h5><span>Coach f\u00fcr pers\u00f6nliche Entwicklung und positive Ver\u00e4nderung.<\/span><\/h5>\n<p>[\/et_pb_text][\/et_pb_column][\/et_pb_row][\/et_pb_section][et_pb_section fb_built=&#8220;1&#8243; admin_label=&#8220;About&#8220; _builder_version=&#8220;4.22.0&#8243; _module_preset=&#8220;default&#8220; custom_padding=&#8220;3px||5px|||&#8220; collapsed=&#8220;on&#8220; global_colors_info=&#8220;{}&#8220;][et_pb_row column_structure=&#8220;1_2,1_2&#8243; _builder_version=&#8220;4.22.0&#8243; _module_preset=&#8220;default&#8220; custom_padding=&#8220;10px||4px|||&#8220; global_colors_info=&#8220;{}&#8220;][et_pb_column type=&#8220;1_2&#8243; _builder_version=&#8220;4.22.0&#8243; _module_preset=&#8220;default&#8220; global_colors_info=&#8220;{}&#8220;][et_pb_image src=&#8220;https:\/\/alinaort.com\/wp-content\/uploads\/2025\/07\/alina-portrait3.jpg&#8220; title_text=&#8220;alina-portrait3&#8243; _builder_version=&#8220;4.27.4&#8243; _module_preset=&#8220;default&#8220; global_colors_info=&#8220;{}&#8220;][\/et_pb_image][et_pb_text _builder_version=&#8220;4.27.4&#8243; _module_preset=&#8220;36ebe684-c81d-4796-bef3-a202201d98a5&#8243; header_2_font_size=&#8220;40px&#8220; custom_margin=&#8220;||20px|||&#8220; global_colors_info=&#8220;{}&#8220;]<\/p>\n<h2><span>Wer bin ich?<\/span><\/h2>\n<p>[\/et_pb_text][et_pb_text _builder_version=&#8220;4.27.4&#8243; _module_preset=&#8220;6fb496dd-8d23-4285-96b7-65c814e77541&#8243; global_colors_info=&#8220;{}&#8220;]<\/p>\n<p>Hallo, ich bin Alina Ort, Coach fu\u0308r pers\u00f6nliche Weiterentwicklung. Meine Leidenschaft ist es, Menschen zu begleiten, die ihr volles Potenzial entfalten und ein selbstbestimmtes, erfu\u0308lltes Leben fu\u0308hren m\u00f6chten.<\/p>\n<p>Durch meine eigene Reise und vielf\u00e4ltige berufliche Erfahrungen habe ich tief verstanden, wie wichtig es ist, an sich selbst zu glauben und die richtigen Schritte zu gehen \u2013 besonders in Momenten, in denen Zweifel oder Unsicherheiten den Weg erschweren. Ich wei\u00df, wie es sich anfu\u0308hlt, festzustecken, wenn \u00e4u\u00dfere Umst\u00e4nde oder innere Blockaden den Fortschritt bremsen. Doch ich habe auch erfahren, wie es ist, diese Hu\u0308rden zu u\u0308berwinden \u2013 mit Klarheit, Motivation und den richtigen Strategien.<\/p>\n<p>Mein Ziel ist es, dich zu unterstu\u0308tzen, deine eigenen Hindernisse zu erkennen, zu u\u0308berwinden und das Leben zu gestalten, das du dir wirklich wu\u0308nschst. Ich begleite dich dabei, deine Ziele zu erreichen, deine St\u00e4rken zu entdecken und deine innere Klarheit zu finden, um deinen pers\u00f6nlichen Erfolg zu leben.<\/p>\n<p>[\/et_pb_text][et_pb_image src=&#8220;https:\/\/alinaort.com\/wp-content\/uploads\/2025\/03\/alinaort-3.jpeg&#8220; title_text=&#8220;alinaort-3&#8243; _builder_version=&#8220;4.27.4&#8243; _module_preset=&#8220;default&#8220; global_colors_info=&#8220;{}&#8220;][\/et_pb_image][\/et_pb_column][et_pb_column type=&#8220;1_2&#8243; _builder_version=&#8220;4.22.0&#8243; _module_preset=&#8220;default&#8220; global_colors_info=&#8220;{}&#8220;][et_pb_text _builder_version=&#8220;4.27.4&#8243; _module_preset=&#8220;576f01ba-06df-4224-950f-4bf1abbccb07&#8243; custom_margin=&#8220;||0px||false|false&#8220; global_colors_info=&#8220;{}&#8220;]<\/p>\n<h5>Meine Philosophie und Werte<\/h5>\n<p>[\/et_pb_text][et_pb_text _builder_version=&#8220;4.27.4&#8243; _module_preset=&#8220;6fb496dd-8d23-4285-96b7-65c814e77541&#8243; global_colors_info=&#8220;{}&#8220;]<\/p>\n<p class=\"p1\">Ich bin fest davon \u00fcberzeugt, dass jeder Mensch das Potenzial zur Ver\u00e4nderung in sich tr\u00e4gt. Ver\u00e4nderung beginnt von innen, und mit der richtigen Unterst\u00fctzung kannst du die Blockaden \u00fcberwinden, die dich bisher zur\u00fcckgehalten haben.<\/p>\n<p class=\"p1\">In meinem Coaching begleite ich dich mit Empathie, Klarheit und einer positiven Haltung. Mein Ziel ist es, dir zu helfen, deine eigenen St\u00e4rken zu erkennen und dein Selbstvertrauen zu st\u00e4rken, damit du deinen Weg mit Zuversicht und Entschlossenheit gehen kannst. Ich glaube daran, dass wahrer Wandel nur dann nachhaltig ist, wenn er im Einklang mit deinen inneren Werten und Zielen steht.<\/p>\n<p class=\"p1\">Der Weg zur Ver\u00e4nderung ist ein spannender Prozess, der dich dazu einl\u00e4dt, immer wieder neue M\u00f6glichkeiten zu entdecken. Ich bin \u00fcberzeugt, dass jede noch so kleine Entwicklung und jeder Schritt nach vorne einen kraftvollen und nachhaltigen Unterschied machen. Ich bin hier, um dich auf diesem Weg zu begleiten, dir zu helfen, deine Ziele zu erreichen, und dich in deinem Wachstum zu unterst\u00fctzen.<\/p>\n<p>[\/et_pb_text][et_pb_text _builder_version=&#8220;4.27.4&#8243; _module_preset=&#8220;576f01ba-06df-4224-950f-4bf1abbccb07&#8243; custom_margin=&#8220;||0px||false|false&#8220; global_colors_info=&#8220;{}&#8220;]<\/p>\n<h5>Meine Qualifikationen und Erfahrung<\/h5>\n<p>[\/et_pb_text][et_pb_text _builder_version=&#8220;4.27.4&#8243; _module_preset=&#8220;6fb496dd-8d23-4285-96b7-65c814e77541&#8243; global_colors_info=&#8220;{}&#8220;]<\/p>\n<p class=\"p1\">Mein Weg f\u00fchrte mich durch unterschiedliche Stationen: Vom Studium \u00fcber eine erfolgreiche Karriere im Management bis hin zu meiner Weiterbildung zur psychologischen Beraterin. Jede dieser Erfahrungen hat mir gezeigt, wie wichtig es ist, sich selbst kontinuierlich weiterzuentwickeln, mentale Blockaden zu \u00fcberwinden und mit einer positiven Einstellung neue M\u00f6glichkeiten zu entdecken.<\/p>\n<p class=\"p1\">Mit einem fundierten Hintergrund in psychologischer Beratung sowie jahrelanger internationaler Erfahrung, die mir Einblicke in verschiedene Kulturen und Denkweisen gab, begleite ich Menschen dabei, Klarheit zu gewinnen und neue Perspektiven zu entwickeln.<\/p>\n<p>[\/et_pb_text][\/et_pb_column][\/et_pb_row][\/et_pb_section][et_pb_section fb_built=&#8220;1&#8243; admin_label=&#8220;Call to Action&#8220; _builder_version=&#8220;4.22.0&#8243; _module_preset=&#8220;default&#8220; background_color=&#8220;gcid-fc7b31e8-94d8-4560-b647-c33fa43cc805&#8243; width_tablet=&#8220;80%&#8220; width_phone=&#8220;80%&#8220; width_last_edited=&#8220;on|tablet&#8220; custom_margin=&#8220;22px|30px|22px|30px|true|true&#8220; custom_padding=&#8220;8px|||||&#8220; module_alignment_tablet=&#8220;center&#8220; module_alignment_phone=&#8220;center&#8220; module_alignment_last_edited=&#8220;on|desktop&#8220; border_radii=&#8220;on|10px|10px|10px|10px&#8220; locked=&#8220;off&#8220; collapsed=&#8220;on&#8220; global_colors_info=&#8220;{%22gcid-fc7b31e8-94d8-4560-b647-c33fa43cc805%22:%91%22background_color%22%93}&#8220;][et_pb_row column_structure=&#8220;1_2,1_2&#8243; _builder_version=&#8220;4.22.0&#8243; _module_preset=&#8220;default&#8220; global_colors_info=&#8220;{}&#8220;][et_pb_column type=&#8220;1_2&#8243; _builder_version=&#8220;4.22.0&#8243; _module_preset=&#8220;default&#8220; global_colors_info=&#8220;{}&#8220;][et_pb_image src=&#8220;https:\/\/alinaort.com\/wp-content\/uploads\/2025\/04\/cbe4a740-6ab8-4e7b-8de9-c5e7371075f1.png&#8220; title_text=&#8220;cbe4a740-6ab8-4e7b-8de9-c5e7371075f1&#8243; _builder_version=&#8220;4.27.4&#8243; _module_preset=&#8220;default&#8220; border_radii=&#8220;on|10px|10px|10px|10px&#8220; global_colors_info=&#8220;{}&#8220;][\/et_pb_image][\/et_pb_column][et_pb_column type=&#8220;1_2&#8243; _builder_version=&#8220;4.22.0&#8243; _module_preset=&#8220;default&#8220; global_colors_info=&#8220;{}&#8220;][et_pb_text _builder_version=&#8220;4.27.4&#8243; _module_preset=&#8220;36ebe684-c81d-4796-bef3-a202201d98a5&#8243; header_2_font_size=&#8220;40px&#8220; custom_margin=&#8220;||10px||false|false&#8220; global_colors_info=&#8220;{}&#8220;]<\/p>\n<h2>Meine Arbeitsweise<\/h2>\n<p>[\/et_pb_text][et_pb_text _builder_version=&#8220;4.22.0&#8243; _module_preset=&#8220;6fb496dd-8d23-4285-96b7-65c814e77541&#8243; global_colors_info=&#8220;{}&#8220;]<\/p>\n<p class=\"p1\">In meinem Coaching geht es nicht nur darum, \u00fcber Ziele zu sprechen, sondern konkrete Schritte zu gehen. Ich helfe dir, deine Vision klar zu definieren und diese Schritt f\u00fcr Schritt in die Realit\u00e4t umzusetzen.<\/p>\n<p class=\"p1\">Ich kombiniere Empathie und Struktur, um dir einen sicheren Raum zu bieten, in dem du dich \u00f6ffnen und weiterentwickeln kannst. Gleichzeitig sorge ich daf\u00fcr, dass unser Coaching klar und zielgerichtet bleibt, damit du den n\u00e4chsten Schritt in deinem Leben mit Klarheit und Motivation gehen kannst.<\/p>\n<p class=\"p1\">Mein Coaching-Ansatz kombiniert strukturierte und l\u00f6sungsorientierte Methoden, systemische Ans\u00e4tze und positives Denken \u2013 immer individuell abgestimmt auf deine einzigartigen Bed\u00fcrfnisse. Durch diese ma\u00dfgeschneiderte Herangehensweise unterst\u00fctze ich dich dabei, deine Ziele zu erreichen und deine pers\u00f6nliche Weiterentwicklung zu f\u00f6rdern.<\/p>\n<p>[\/et_pb_text][et_pb_text _builder_version=&#8220;4.27.4&#8243; _module_preset=&#8220;576f01ba-06df-4224-950f-4bf1abbccb07&#8243; custom_margin=&#8220;||0px||false|false&#8220; global_colors_info=&#8220;{}&#8220;]<\/p>\n<h5>Pers\u00f6nliche Einblicke<\/h5>\n<p>[\/et_pb_text][et_pb_text _builder_version=&#8220;4.22.0&#8243; _module_preset=&#8220;6fb496dd-8d23-4285-96b7-65c814e77541&#8243; global_colors_info=&#8220;{}&#8220;]<\/p>\n<p class=\"p1\">Abseits des Coachings findest du mich gerne bei langen Spazierg\u00e4ngen in der Natur, beim Lesen von inspirierenden B\u00fcchern oder beim Reisen. Ich glaube daran, dass es auch wichtig ist, das Leben zu genie\u00dfen und in der Balance zu bleiben. Diese Philosophie flie\u00dft auch in mein Coaching ein.<\/p>\n<p>[\/et_pb_text][et_pb_text _builder_version=&#8220;4.27.4&#8243; _module_preset=&#8220;576f01ba-06df-4224-950f-4bf1abbccb07&#8243; custom_margin=&#8220;||0px||false|false&#8220; global_colors_info=&#8220;{}&#8220;]<\/p>\n<h5>Call to Action<\/h5>\n<p>[\/et_pb_text][et_pb_text _builder_version=&#8220;4.22.0&#8243; _module_preset=&#8220;6fb496dd-8d23-4285-96b7-65c814e77541&#8243; global_colors_info=&#8220;{}&#8220;]<\/p>\n<p class=\"p1\">Ich freue mich darauf, dich auf deinem Weg zu begleiten. Wenn du bereit bist, den ersten Schritt zu gehen, melde dich gerne f\u00fcr ein unverbindliches Erstgespr\u00e4ch.<\/p>\n<p>[\/et_pb_text][et_pb_button button_url=&#8220;@ET-DC@eyJkeW5hbWljIjp0cnVlLCJjb250ZW50IjoicG9zdF9saW5rX3VybF9wYWdlIiwic2V0dGluZ3MiOnsicG9zdF9pZCI6Ijc0In19@&#8220; button_text=&#8220;Jetzt kontaktieren&#8220; _builder_version=&#8220;4.27.4&#8243; _dynamic_attributes=&#8220;button_url&#8220; _module_preset=&#8220;02a1018d-a423-4fe6-87d9-a52ef61c67fc&#8220; global_colors_info=&#8220;{}&#8220;][\/et_pb_button][\/et_pb_column][\/et_pb_row][\/et_pb_section][et_pb_section fb_built=&#8220;1&#8243; admin_label=&#8220;Footer&#8220; _builder_version=&#8220;4.22.0&#8243; _module_preset=&#8220;default&#8220; background_color=&#8220;#000000&#8243; saved_tabs=&#8220;all&#8220; collapsed=&#8220;on&#8220; global_colors_info=&#8220;{}&#8220; theme_builder_area=&#8220;post_content&#8220;][et_pb_row column_structure=&#8220;1_3,1_3,1_3&#8243; _builder_version=&#8220;4.22.0&#8243; _module_preset=&#8220;default&#8220; global_colors_info=&#8220;{}&#8220; theme_builder_area=&#8220;post_content&#8220;][et_pb_column type=&#8220;1_3&#8243; _builder_version=&#8220;4.22.0&#8243; _module_preset=&#8220;default&#8220; global_colors_info=&#8220;{}&#8220; theme_builder_area=&#8220;post_content&#8220;][et_pb_text _builder_version=&#8220;4.22.0&#8243; _module_preset=&#8220;685b0355-65c8-4aac-a578-7a4e9daa5295&#8243; header_6_text_color=&#8220;gcid-bddc0b07-204a-471f-a9e9-ce834b37b79c&#8220; custom_margin=&#8220;||0px||false|false&#8220; global_colors_info=&#8220;{%22gcid-bddc0b07-204a-471f-a9e9-ce834b37b79c%22:%91%22header_6_text_color%22%93}&#8220; theme_builder_area=&#8220;post_content&#8220;]<\/p>\n<h6>Email<\/h6>\n<p>[\/et_pb_text][et_pb_text _builder_version=&#8220;4.27.4&#8243; _module_preset=&#8220;22b075ee-65d8-475d-9ff7-7892be2b55d4&#8243; link_text_color=&#8220;gcid-a13652f3-2793-4cb6-9d99-526eb1549d6a&#8220; header_5_text_color=&#8220;#FFFFFF&#8220; global_colors_info=&#8220;{%22gcid-a13652f3-2793-4cb6-9d99-526eb1549d6a%22:%91%22link_text_color%22%93}&#8220; theme_builder_area=&#8220;post_content&#8220;]<\/p>\n<h5>mail@alinaort.com<\/h5>\n<p>[\/et_pb_text][\/et_pb_column][et_pb_column type=&#8220;1_3&#8243; _builder_version=&#8220;4.22.0&#8243; _module_preset=&#8220;default&#8220; global_colors_info=&#8220;{}&#8220; theme_builder_area=&#8220;post_content&#8220;][et_pb_text _builder_version=&#8220;4.27.4&#8243; _module_preset=&#8220;685b0355-65c8-4aac-a578-7a4e9daa5295&#8243; header_6_text_color=&#8220;gcid-bddc0b07-204a-471f-a9e9-ce834b37b79c&#8220; custom_margin=&#8220;||0px||false|false&#8220; locked=&#8220;off&#8220; global_colors_info=&#8220;{%22gcid-bddc0b07-204a-471f-a9e9-ce834b37b79c%22:%91%22header_6_text_color%22%93}&#8220; theme_builder_area=&#8220;post_content&#8220;]<\/p>\n<h6>Social Media<\/h6>\n<p>[\/et_pb_text][et_pb_text _builder_version=&#8220;4.27.4&#8243; _dynamic_attributes=&#8220;link_option_url&#8220; _module_preset=&#8220;22b075ee-65d8-475d-9ff7-7892be2b55d4&#8243; link_text_color=&#8220;#FFFFFF&#8220; header_5_text_color=&#8220;#FFFFFF&#8220; custom_margin=&#8220;||0px||false|false&#8220; link_option_url=&#8220;@ET-DC@eyJkeW5hbWljIjp0cnVlLCJjb250ZW50IjoicG9zdF9saW5rX3VybF9wYWdlIiwic2V0dGluZ3MiOnsicG9zdF9pZCI6IjY4In19@&#8220; locked=&#8220;off&#8220; global_colors_info=&#8220;{}&#8220; link_text_color__hover=&#8220;#FCB02F&#8220; link_text_color__hover_enabled=&#8220;on|hover&#8220; theme_builder_area=&#8220;post_content&#8220;]<\/p>\n<h5><a href=\"https:\/\/www.instagram.com\/tune_in_positive\/\">Instagram<\/a><\/h5>\n<p>[\/et_pb_text][et_pb_text _builder_version=&#8220;4.27.4&#8243; _dynamic_attributes=&#8220;link_option_url&#8220; _module_preset=&#8220;22b075ee-65d8-475d-9ff7-7892be2b55d4&#8243; link_text_color=&#8220;#FFFFFF&#8220; header_5_text_color=&#8220;#FFFFFF&#8220; custom_margin=&#8220;||0px||false|false&#8220; link_option_url=&#8220;@ET-DC@eyJkeW5hbWljIjp0cnVlLCJjb250ZW50IjoicG9zdF9saW5rX3VybF9wYWdlIiwic2V0dGluZ3MiOnsicG9zdF9pZCI6IjY4In19@&#8220; locked=&#8220;off&#8220; global_colors_info=&#8220;{}&#8220; link_text_color__hover=&#8220;#FCB02F&#8220; link_text_color__hover_enabled=&#8220;on|hover&#8220; theme_builder_area=&#8220;post_content&#8220;]<\/p>\n<h5><a href=\"https:\/\/www.tiktok.com\/@tuneinpositive\">TikTok<\/a><\/h5>\n<p>[\/et_pb_text][et_pb_text _builder_version=&#8220;4.27.4&#8243; _dynamic_attributes=&#8220;link_option_url&#8220; _module_preset=&#8220;22b075ee-65d8-475d-9ff7-7892be2b55d4&#8243; link_text_color=&#8220;#FFFFFF&#8220; header_5_text_color=&#8220;#FFFFFF&#8220; custom_margin=&#8220;||0px||false|false&#8220; link_option_url=&#8220;@ET-DC@eyJkeW5hbWljIjp0cnVlLCJjb250ZW50IjoicG9zdF9saW5rX3VybF9wYWdlIiwic2V0dGluZ3MiOnsicG9zdF9pZCI6IjY4In19@&#8220; locked=&#8220;off&#8220; global_colors_info=&#8220;{}&#8220; link_text_color__hover=&#8220;#FCB02F&#8220; link_text_color__hover_enabled=&#8220;on|hover&#8220; theme_builder_area=&#8220;post_content&#8220;]<\/p>\n<h5><a href=\"https:\/\/www.facebook.com\/tune.in.possitive\/\">Facebook<\/a><\/h5>\n<p>[\/et_pb_text][\/et_pb_column][et_pb_column type=&#8220;1_3&#8243; _builder_version=&#8220;4.22.0&#8243; _module_preset=&#8220;default&#8220; global_colors_info=&#8220;{}&#8220; theme_builder_area=&#8220;post_content&#8220;][et_pb_text _builder_version=&#8220;4.27.4&#8243; _module_preset=&#8220;685b0355-65c8-4aac-a578-7a4e9daa5295&#8243; header_6_text_color=&#8220;gcid-bddc0b07-204a-471f-a9e9-ce834b37b79c&#8220; custom_margin=&#8220;||0px||false|false&#8220; locked=&#8220;off&#8220; global_colors_info=&#8220;{%22gcid-bddc0b07-204a-471f-a9e9-ce834b37b79c%22:%91%22header_6_text_color%22%93}&#8220; theme_builder_area=&#8220;post_content&#8220;]<\/p>\n<h6>Rechtliches<\/h6>\n<p>[\/et_pb_text][et_pb_text _builder_version=&#8220;4.27.4&#8243; _dynamic_attributes=&#8220;link_option_url&#8220; _module_preset=&#8220;22b075ee-65d8-475d-9ff7-7892be2b55d4&#8243; link_text_color=&#8220;#FFFFFF&#8220; header_5_text_color=&#8220;#FFFFFF&#8220; custom_margin=&#8220;||0px||false|false&#8220; link_option_url=&#8220;@ET-DC@eyJkeW5hbWljIjp0cnVlLCJjb250ZW50IjoicG9zdF9saW5rX3VybF9wYWdlIiwic2V0dGluZ3MiOnsicG9zdF9pZCI6IjY4In19@&#8220; locked=&#8220;off&#8220; global_colors_info=&#8220;{}&#8220; link_text_color__hover=&#8220;#FCB02F&#8220; link_text_color__hover_enabled=&#8220;on|hover&#8220; theme_builder_area=&#8220;post_content&#8220;]<\/p>\n<h5>Impressum<\/h5>\n<p>[\/et_pb_text][et_pb_text _builder_version=&#8220;4.27.4&#8243; _dynamic_attributes=&#8220;link_option_url&#8220; _module_preset=&#8220;22b075ee-65d8-475d-9ff7-7892be2b55d4&#8243; link_text_color=&#8220;#FFFFFF&#8220; header_5_text_color=&#8220;#FFFFFF&#8220; custom_margin=&#8220;||0px||false|false&#8220; link_option_url=&#8220;@ET-DC@eyJkeW5hbWljIjp0cnVlLCJjb250ZW50IjoicG9zdF9saW5rX3VybF9wYWdlIiwic2V0dGluZ3MiOnsicG9zdF9pZCI6IjcwIn19@&#8220; locked=&#8220;off&#8220; global_colors_info=&#8220;{}&#8220; link_text_color__hover=&#8220;#FCB02F&#8220; link_text_color__hover_enabled=&#8220;on|hover&#8220; theme_builder_area=&#8220;post_content&#8220;]<\/p>\n<h5>Datenschutz<\/h5>\n<p>[\/et_pb_text][et_pb_text _builder_version=&#8220;4.27.4&#8243; _dynamic_attributes=&#8220;link_option_url&#8220; _module_preset=&#8220;22b075ee-65d8-475d-9ff7-7892be2b55d4&#8243; link_text_color=&#8220;#FFFFFF&#8220; header_5_text_color=&#8220;#FFFFFF&#8220; custom_margin=&#8220;||0px||false|false&#8220; link_option_url=&#8220;@ET-DC@eyJkeW5hbWljIjp0cnVlLCJjb250ZW50IjoicG9zdF9saW5rX3VybF9wYWdlIiwic2V0dGluZ3MiOnsicG9zdF9pZCI6Ijc0In19@&#8220; locked=&#8220;off&#8220; global_colors_info=&#8220;{}&#8220; link_text_color__hover=&#8220;#FCB02F&#8220; link_text_color__hover_enabled=&#8220;on|hover&#8220; theme_builder_area=&#8220;post_content&#8220;]<\/p>\n<h5>Kontakt<\/h5>\n<p>[\/et_pb_text][et_pb_text _builder_version=&#8220;4.27.4&#8243; _dynamic_attributes=&#8220;link_option_url&#8220; _module_preset=&#8220;22b075ee-65d8-475d-9ff7-7892be2b55d4&#8243; link_text_color=&#8220;#FFFFFF&#8220; header_5_text_color=&#8220;#FFFFFF&#8220; custom_margin=&#8220;||0px||false|false&#8220; link_option_url=&#8220;@ET-DC@eyJkeW5hbWljIjp0cnVlLCJjb250ZW50IjoicG9zdF9saW5rX3VybF9wYWdlIiwic2V0dGluZ3MiOnsicG9zdF9pZCI6IjI2NSJ9fQ==@&#8220; locked=&#8220;off&#8220; global_colors_info=&#8220;{}&#8220; link_text_color__hover=&#8220;#FCB02F&#8220; link_text_color__hover_enabled=&#8220;on|hover&#8220; theme_builder_area=&#8220;post_content&#8220;]<\/p>\n<h5>AGB&#8217;s<\/h5>\n<p>[\/et_pb_text][et_pb_text _builder_version=&#8220;4.27.4&#8243; _dynamic_attributes=&#8220;link_option_url&#8220; _module_preset=&#8220;22b075ee-65d8-475d-9ff7-7892be2b55d4&#8243; link_text_color=&#8220;#FFFFFF&#8220; header_5_text_color=&#8220;#FFFFFF&#8220; custom_margin=&#8220;||0px||false|false&#8220; link_option_url=&#8220;@ET-DC@eyJkeW5hbWljIjp0cnVlLCJjb250ZW50IjoicG9zdF9saW5rX3VybF9wYWdlIiwic2V0dGluZ3MiOnsicG9zdF9pZCI6IjI2OSJ9fQ==@&#8220; locked=&#8220;off&#8220; global_colors_info=&#8220;{}&#8220; link_text_color__hover=&#8220;#FCB02F&#8220; link_text_color__hover_enabled=&#8220;on|hover&#8220; theme_builder_area=&#8220;post_content&#8220;]<\/p>\n<h5>Widerrufsbelehrung<\/h5>\n<p>[\/et_pb_text][\/et_pb_column][\/et_pb_row][et_pb_row _builder_version=&#8220;4.22.0&#8243; _module_preset=&#8220;default&#8220; global_colors_info=&#8220;{}&#8220; theme_builder_area=&#8220;post_content&#8220;][et_pb_column type=&#8220;4_4&#8243; _builder_version=&#8220;4.22.0&#8243; _module_preset=&#8220;default&#8220; global_colors_info=&#8220;{}&#8220; theme_builder_area=&#8220;post_content&#8220;][et_pb_text _builder_version=&#8220;4.27.4&#8243; _dynamic_attributes=&#8220;content&#8220; _module_preset=&#8220;b1699933-7271-4d75-b31f-0b7d446153cb&#8220; text_orientation=&#8220;center&#8220; global_colors_info=&#8220;{}&#8220; theme_builder_area=&#8220;post_content&#8220;]@ET-DC@eyJkeW5hbWljIjp0cnVlLCJjb250ZW50IjoiY3VycmVudF9kYXRlIiwic2V0dGluZ3MiOnsiYmVmb3JlIjoiQ29weXJpZ2h0ICZjb3B5OyAiLCJhZnRlciI6IiBBbGluYSBPcnQiLCJkYXRlX2Zvcm1hdCI6ImN1c3RvbSIsImN1c3RvbV9kYXRlX2Zvcm1hdCI6IlkifX0=@[\/et_pb_text][\/et_pb_column][\/et_pb_row][\/et_pb_section]<\/p>\n","protected":false},"excerpt":{"rendered":"<p>Hello!Ich bin Alina OrtCoach f\u00fcr pers\u00f6nliche Entwicklung und positive Ver\u00e4nderung.Wer bin ich?Hallo, ich bin Alina Ort, Coach fu\u0308r pers\u00f6nliche Weiterentwicklung. Meine Leidenschaft ist es, Menschen zu begleiten, die ihr volles Potenzial entfalten und ein selbstbestimmtes, erfu\u0308lltes Leben fu\u0308hren m\u00f6chten. Durch meine eigene Reise und vielf\u00e4ltige berufliche Erfahrungen habe ich tief verstanden, wie wichtig es ist, [&hellip;]<\/p>\n","protected":false},"author":1,"featured_media":0,"parent":0,"menu_order":0,"comment_status":"closed","ping_status":"closed","template":"","meta":{"_et_pb_use_builder":"on","_et_pb_old_content":"","_et_gb_content_width":"","footnotes":""},"class_list":["post-86","page","type-page","status-publish","hentry"],"_links":{"self":[{"href":"https:\/\/alinaort.com\/index.php?rest_route=\/wp\/v2\/pages\/86","targetHints":{"allow":["GET"]}}],"collection":[{"href":"https:\/\/alinaort.com\/index.php?rest_route=\/wp\/v2\/pages"}],"about":[{"href":"https:\/\/alinaort.com\/index.php?rest_route=\/wp\/v2\/types\/page"}],"author":[{"embeddable":true,"href":"https:\/\/alinaort.com\/index.php?rest_route=\/wp\/v2\/users\/1"}],"replies":[{"embeddable":true,"href":"https:\/\/alinaort.com\/index.php?rest_route=%2Fwp%2Fv2%2Fcomments&post=86"}],"version-history":[{"count":30,"href":"https:\/\/alinaort.com\/index.php?rest_route=\/wp\/v2\/pages\/86\/revisions"}],"predecessor-version":[{"id":355,"href":"https:\/\/alinaort.com\/index.php?rest_route=\/wp\/v2\/pages\/86\/revisions\/355"}],"wp:attachment":[{"href":"https:\/\/alinaort.com\/index.php?rest_route=%2Fwp%2Fv2%2Fmedia&parent=86"}],"curies":[{"name":"wp","href":"https:\/\/api.w.org\/{rel}","templated":true}]}}